{"id":22,"date":"2024-08-17T13:45:12","date_gmt":"2024-08-17T13:45:12","guid":{"rendered":"https:\/\/lujosustentable.org\/en\/?page_id=22"},"modified":"2024-08-17T20:14:30","modified_gmt":"2024-08-17T20:14:30","slug":"books","status":"publish","type":"page","link":"https:\/\/lujosustentable.org\/en\/books\/","title":{"rendered":"Books"},"content":{"rendered":"<div class=\"row\">\n<div class=\"span12\">\n<div class=\"how-we-can-help-wrap\">\n<figure class=\"thumbnail alignnone clearfix\">\n<div class=\"row-fluid\">\n<div class=\"clear\"><\/div>\n<p style=\"margin: 11px\"><span style=\"font-size: 11pt; color:#000000\"><a href=\"https:\/\/www.amazon.com\/Sustainable-Luxury-special-Corporate-Citizenship\/dp\/1783530901\" target=\"_blank\" rel=\"noopener\"><img decoding=\"async\" class=\"alignleft\" src=\"https:\/\/lujosustentable.org\/es\/wp-content\/uploads\/2024\/08\/libro100.jpg\"><\/a><b>SUSTAINABLE LUXURY AND JEWERLY<\/b><\/span><\/p>\n<p style=\"margin: 11px\"><span style=\"font-size: 11pt; color:#000000\">This book - written by Ivan Coste-Mani\u00e8re and Miguel Angel Gardetti - analyzes the current trends in luxury and jewelry and presents how to make them sustainable for a better future. In the age of sustainability, we are increasingly seeing designers and consumers begin to think beyond how a product looks and functions, and are especially concerned about what has happened during its manufacturing process and what will happen once its useful life comes to an end. Today, consumers value that every product and industrial process must be sustainable, beneficial to people, the economy and the planet, and the same is true for jewelry.<\/span><\/p>\n<p style=\"margin: 11px\"><span style=\"font-size: 11pt; color:#000000\">&nbsp;<\/span><\/p>\n<\/div>\n<\/figure>\n<\/div>\n<\/div>\n<\/div>\n<div class=\"row\">\n<div class=\"span12\">\n<div class=\"how-we-can-help-wrap\">\n<figure class=\"thumbnail alignnone clearfix\">\n<div class=\"row-fluid\">\n<div class=\"clear\"><\/div>\n<p style=\"margin: 11px\"><span style=\"font-size: 11pt; color:#000000\"><a href=\"https:\/\/www.springer.com\/us\/book\/9789911537684\" target=\"_blank\" rel=\"noopener\"><img decoding=\"async\" class=\"alignleft\" src=\"https:\/\/lujosustentable.org\/es\/wp-content\/uploads\/2024\/08\/libro012.jpg\"><\/a><b>SUSTAINABLE LUXURY AND CRAFTMANSHIP<\/b><\/span><\/p>\n<p style=\"margin: 11px\"><span style=\"font-size: 11pt; color:#000000\">This book explores the close relationship between luxury and craftsmanship, using case studies and consumer behavior to do so. It also looks at how sustainable luxury can offer a vehicle for greater respect for the environment and social development as well as being synonymous with culture, art and innovation of diverse nationalities, continuing the legacy of local craftsmanship.<\/span><\/p>\n<p style=\"margin: 11px\"><span style=\"font-size: 11pt; color:#000000\">&nbsp;<\/span><\/p>\n<\/div>\n<\/figure>\n<\/div>\n<\/div>\n<\/div>\n<div class=\"row\">\n<div class=\"span12\">\n<div class=\"how-we-can-help-wrap\">\n<figure class=\"thumbnail alignnone clearfix\">\n<div class=\"row-fluid\">\n<div class=\"clear\"><\/div>\n<p style=\"margin: 11px\"><span style=\"font-size: 11pt; color:#000000\"><a href=\"https:\/\/www.springer.com\/us\/book\/9789811520464\" target=\"_blank\" rel=\"noopener\"><img decoding=\"async\" class=\"alignleft\" src=\"https:\/\/lujosustentable.org\/es\/wp-content\/uploads\/2024\/08\/libro011.jpg\"><\/a><b>SUSTAINABILITY - IS IT REDEFINING THE NOTION OF LUXURY?<\/b><\/span><\/p>\n<p style=\"margin: 11px\"><span style=\"font-size: 11pt; color:#000000\">This book presents and analyzes aspects that, within the framework of luxury, have been or are being redefined by sustainability considerations. It also introduces and reviews industry cases in relation to this ongoing redefinition process.<\/span><\/p>\n<p style=\"margin: 11px\"><span style=\"font-size: 11pt; color:#000000\">&nbsp;<\/span><\/p>\n<\/div>\n<\/figure>\n<\/div>\n<\/div>\n<\/div>\n<div class=\"row\">\n<div class=\"span12\">\n<div class=\"how-we-can-help-wrap\">\n<figure class=\"thumbnail alignnone clearfix\">\n<div class=\"row-fluid\">\n<div class=\"clear\"><\/div>\n<p style=\"margin: 11px\"><span style=\"font-size: 11pt; color:#000000\"><a href=\"https:\/\/www.amazon.com\/-\/es\/Lujo-sostenible-Creacion-desarrollo-valores-ebook\/dp\/\" target=\"_blank\" rel=\"noopener\"><img decoding=\"async\" class=\"alignleft\" src=\"https:\/\/lujosustentable.org\/es\/wp-content\/uploads\/2024\/08\/libro010.jpg\"><\/a><b>SUSTAINABLE LUXURY - BRAND CREATION, DEVELOPMENT AND VALUES<\/b><\/span><\/p>\n<p style=\"margin: 11px\"><span style=\"font-size: 11pt; color:#000000\">\"As Director of the Center for Sustainable Luxury Studies, Miguel Angel Gardetti is a knowledgeable and influential voice in the field of cleaner and greener businesses. And while his focus is on fashion and lifestyle, his lessons are universal. Sustainable Luxury: Values, Creating and Developing a Brand is an important must-read for entrepreneurs in any industry today\".<\/span><\/p>\n<p style=\"margin: 11px; text-align:right\"><span style=\"font-size: 11pt; color:#000000\">Dana THomas; author of Deluxe: How Luxury Lost Its Luster<\/span><\/p>\n<p style=\"margin: 11px\"><span style=\"font-size: 11pt; color:#000000\">&nbsp;<\/span><\/p>\n<\/div>\n<\/figure>\n<\/div>\n<\/div>\n<\/div>\n<div class=\"row\">\n<div class=\"span12\">\n<div class=\"how-we-can-help-wrap\">\n<figure class=\"thumbnail alignnone clearfix\">\n<div class=\"row-fluid\">\n<div class=\"clear\"><\/div>\n<p style=\"margin: 11px\"><span style=\"font-size: 11pt; color:#000000\"><a href=\"https:\/\/www.springer.com\/us\/book\/9789811306228\" target=\"_blank\" rel=\"noopener\"><img decoding=\"async\" class=\"alignleft\" src=\"https:\/\/lujosustentable.org\/es\/wp-content\/uploads\/2024\/08\/libro009.jpg\"><\/a><b>SUSTAINABLE LUXURY - CASES ON CIRCULAR ECONOMY AND ENTREPRENEURSHIP<\/b><\/span><\/p>\n<p style=\"margin: 11px\"><span style=\"font-size: 11pt; color:#000000\">This book highlights ten cases of entrepreneurs who, in the context of the circular economy, have redefined the paradigm of luxury and the notion of exclusivity that it requires. It shows how, through the use of technology and a new way of consuming, the ten companies have created new business models and forms of use that are smarter and more appropriate for modern times.<\/span><\/p>\n<p style=\"margin: 11px\"><span style=\"font-size: 11pt; color:#000000\">&nbsp;<\/span><\/p>\n<\/div>\n<\/figure>\n<\/div>\n<\/div>\n<\/div>\n<div class=\"row\">\n<div class=\"span12\">\n<div class=\"how-we-can-help-wrap\">\n<figure class=\"thumbnail alignnone clearfix\">\n<div class=\"row-fluid\">\n<div class=\"clear\"><\/div>\n<p style=\"margin: 11px\"><span style=\"font-size: 11pt; color:#000000\"><a href=\"https:\/\/www.springer.com\/us\/book\/9789811067150\" target=\"_blank\" rel=\"noopener\"><img decoding=\"async\" class=\"alignleft\" src=\"https:\/\/lujosustentable.org\/es\/wp-content\/uploads\/2024\/08\/libro008.jpg\"><\/a><b>SUSTAINABLE LUXURY, ENTREPRENEURSHIP, AND INNOVATION<\/b><\/span><\/p>\n<p style=\"margin: 11px\"><span style=\"font-size: 11pt; color:#000000\">Edited by <b>Miguel Angel Gardetti<\/b>.<\/span><\/p>\n<p style=\"margin: 11px\"><span style=\"font-size: 11pt; color:#000000\">This book -whose guest editors are Miguel Angel Gardetti and Subramanian Senthikannan Muthu- shows in a general way the relationship between sustainable luxury, entrepreneurship and innovation. In particular, different roles in entrepreneurship and innovation are highlighted, based on the act of creating a new business in the field of sustainable luxury and fashion, which also involves cognitive and motivational characteristics. It also discusses the fact that many innovations that promote sustainability require substantial technological advances.<\/span><\/p>\n<p style=\"margin: 11px\"><span style=\"font-size: 11pt; color:#000000\">&nbsp;<\/span><\/p>\n<\/div>\n<\/figure>\n<\/div>\n<\/div>\n<\/div>\n<div class=\"row\">\n<div class=\"span12\">\n<div class=\"how-we-can-help-wrap\">\n<figure class=\"thumbnail alignnone clearfix\">\n<div class=\"row-fluid\">\n<div class=\"clear\"><\/div>\n<p style=\"margin: 11px\"><span style=\"font-size: 11pt; color:#000000\"><a href=\"https:\/\/www.springer.com\/us\/book\/9789811029165\" target=\"_blank\" rel=\"noopener\"><img decoding=\"async\" class=\"alignleft\" src=\"https:\/\/lujosustentable.org\/es\/wp-content\/uploads\/2024\/08\/libro005.jpg\"><\/a><b>SUSTAINABLE MANAGEMENT OF LUXURY<\/b><\/span><\/p>\n<p style=\"margin: 11px\"><span style=\"font-size: 11pt; color:#000000\">Edited by <b>Miguel Angel Gardetti<\/b>.<\/span><\/p>\n<p style=\"margin: 11px\"><span style=\"font-size: 11pt; color:#000000\">As this book is the first book globally on the \u201csustainable\u201d management of luxury, it highlights the key aspects of presentation-based management using different approaches, whether reflective, empirical, theoretical or case studies.<\/span><\/p>\n<p style=\"margin: 11px\"><span style=\"font-size: 11pt; color:#000000\">&nbsp;<\/span><\/p>\n<\/div>\n<\/figure>\n<\/div>\n<\/div>\n<\/div>\n<div class=\"row\">\n<div class=\"span12\">\n<div class=\"how-we-can-help-wrap\">\n<figure class=\"thumbnail alignnone clearfix\">\n<div class=\"row-fluid\">\n<div class=\"clear\"><\/div>\n<p style=\"margin: 11px\"><span style=\"font-size: 11pt; color:#000000\"><a href=\"https:\/\/www.routledge.com\/Sustainable-Luxury-and-Social-Entrepreneurship-Volume-II-More-Stories\/Gardetti-Giron\/p\/book\/9781783533565\" target=\"_blank\" rel=\"noopener\"><img decoding=\"async\" class=\"alignleft\" src=\"https:\/\/lujosustentable.org\/es\/wp-content\/uploads\/2024\/08\/libro004.jpg\"><\/a><b>SUSTAINABLE LUXURY and SOCIAL ENTREPRENEURSHIP: More Stories form the Pioneers<\/b><\/span><\/p>\n<p style=\"margin: 11px\"><span style=\"font-size: 11pt; color:#000000\">Edited by <b>Miguel Angel Gardetti<\/b> and <b>Mar\u00eda Eugenia Gir\u00f3n<\/b>.<\/span><\/p>\n<p style=\"margin: 11px\"><span style=\"font-size: 11pt; color:#000000\">GSE-Greenleaf Publishing (UK).<\/span><\/p>\n<p style=\"margin: 11px\"><span style=\"font-size: 11pt; color:#000000\">Presentation: Junio 2016.<\/span><\/p>\n<p style=\"margin: 11px\"><span style=\"font-size: 11pt; color:#000000\">The cases presented in this second volume are being developed by transformational leaders who inspire, who stimulate intellectually and who have a very important and deep consideration for people and the environment. And leadership and inspiration is a vital relationship for achieving change towards sustainability. Among others, the cases of CRED (Jewelry, UK), Eden Diodati (Fashion and Accessories); SONEVA (Hospitality, Maldives), among others, are presented.<\/span><\/p>\n<p style=\"margin: 11px\"><span style=\"font-size: 11pt; color:#000000\">&nbsp;<\/span><\/p>\n<\/div>\n<\/figure>\n<\/div>\n<\/div>\n<\/div>\n<div class=\"row\">\n<div class=\"span12\">\n<div class=\"how-we-can-help-wrap\">\n<figure class=\"thumbnail alignnone clearfix\">\n<div class=\"row-fluid\">\n<div class=\"clear\"><\/div>\n<p style=\"margin: 11px\"><span style=\"font-size: 11pt; color:#000000\"><a href=\"https:\/\/www.springer.com\/us\/book\/9789812876324\" target=\"_blank\" rel=\"noopener\"><img decoding=\"async\" class=\"alignleft\" src=\"https:\/\/lujosustentable.org\/es\/wp-content\/uploads\/2024\/08\/libro006.jpg\"><img decoding=\"async\" class=\"alignleft\" src=\"https:\/\/lujosustentable.org\/es\/wp-content\/uploads\/2024\/08\/libro007.jpg\"><\/a><b>Miguel Angel Gardetti -Founder and Director of The Sustainable Textile Center- and Subramanian Senthikannan Muthu<\/b> published the \"Handbook of Sustainable Luxury Textiles and Fashion\". It is the first book exclusively dedicated to sustainable luxury textiles and fashion.<\/span><\/p>\n<p style=\"margin: 11px\"><span style=\"font-size: 11pt; color:#000000\">The book is composed of two chapters: <b>the first one<\/b> presented in August 2015 and <b>the second<\/b> in September 2015.<\/span><\/p>\n<p style=\"margin: 11px\"><span style=\"font-size: 11pt; color:#000000\">&nbsp;<\/span><\/p>\n<\/div>\n<\/figure>\n<\/div>\n<\/div>\n<\/div>\n<div class=\"row\">\n<div class=\"span12\">\n<div class=\"how-we-can-help-wrap\">\n<figure class=\"thumbnail alignnone clearfix\">\n<div class=\"row-fluid\">\n<div class=\"clear\"><\/div>\n<p style=\"margin: 11px\"><span style=\"font-size: 11pt; color:#000000\"><a href=\"https:\/\/www.routledge.com\/Sustainable-Luxury-and-Social-Entrepreneurship-Volume-Stories-from-Pioneers\/Gardetti-Giron\/p\/book\/9781783530632\" target=\"_blank\" rel=\"noopener\"><img decoding=\"async\" class=\"alignleft\" src=\"https:\/\/lujosustentable.org\/es\/wp-content\/uploads\/2024\/08\/libro002.jpg\"><\/a><b>SUSTAINABLE LUXURY and SOCIAL ENTREPRENEURSHIP: Stories form the Pioneers<\/b><\/span><\/p>\n<p style=\"margin: 11px\"><span style=\"font-size: 11pt; color:#000000\">Edited by <b>Miguel Angel Gardetti<\/b> and <b>Mar\u00eda Eugenia Gir\u00f3n<\/b>.<\/span><\/p>\n<p style=\"margin: 11px\"><span style=\"font-size: 11pt; color:#000000\">GSE-Greenleaf Publishing (UK).<\/span><\/p>\n<p style=\"margin: 11px\"><span style=\"font-size: 11pt; color:#000000\">Presentation: July 2014.<\/span><\/p>\n<p style=\"margin: 11px\"><span style=\"font-size: 11pt; color:#000000\">Sustainable luxury is a return to the essence of luxury with its ancestral meaning, to thoughtful purchasing, to artisanal manufacturing, to the beauty of materials in their broadest sense, and to respect for social and environmental issues. There are people who have a deep look at environmental and social problems because there is a relationship between personal values and sustainability, entrepreneurship and innovation. And in practice, this has been perceived in the processes of the first and second edition of the Award for Best Performance in Sustainable Luxury in Latin America, which allowed the organizers to establish deep relationships with entrepreneurs in the luxury sector such as, for example, Diana Verde Nieto (Positive Luxury, UK); Oliver Wayman and Cameron Saul (Bottle Top, UK), Kavita Palmar (The IOU Project), Carry Sommers (Pachacuti, UK) among others. They are transformational leaders, who inspire, intellectually stimulate and possess a vital relationship for the achievement of change towards sustainability.<br \/>\nHow can we harness the inspiration and energy of entrepreneurs in the luxury world to create a sustainable, inclusive and just society? This book opens a fascinating window into the answer to the question posed through the first-person accounts of the stories of the people who forged innovative ventures.<\/span><\/p>\n<p style=\"margin: 11px\"><span style=\"font-size: 11pt; color:#000000\">Its structure is:<br \/>\n<b>- Pr\u00f3logo<\/b>. Por Iscar Metsavaht (OSKLEN)<br \/>\n<b>- Introduction<\/b>. By Mar\u00eda Eugenia Gir\u00f3n (Director of the Premium and Prestige Products Observatory of IE Business School and Mastercard)<br \/>\n<b>-Sustainable luxury, innovation and entrepreneurship<\/b>. By Miguel Angel Gardetti (Center for Studies on Sustainable Luxury)<br \/>\n<b>- Success stories (9) corresponding to different chapters<\/b>.<\/span><\/p>\n<p style=\"margin-left: 30px; margin-top: 11px; margin-bottom: 11px\"><span style=\"font-size: 11pt; color:#000000\"><b>Positive Luxury<\/b>. By Diana Verde Nieto (founder and CEO)<br \/>\n<b>IOU Project<\/b>. By Kavita Palmar (founder and CEO)<br \/>\n<b>The Bottle Top<\/b>. By Oliver Waiman y Cameron Saul (founders and Directors)<br \/>\n<b>Estancia Peuma Hue<\/b>. By Evelyn Hotler (founder and CEO)<br \/>\n<b>Ainy<\/b>. By Daniel Joutard (founder and CEO)<br \/>\n<b>Pachacuti<\/b>. By Carry Sommers (founder and CEO)<br \/>\n<b>The Big Blue Bike<\/b>. By Shudhan Kholi (founder and CEO)<br \/>\n<b>Elvis & Kreese<\/b>. By Kreese Wesling (founder and CEO)<br \/>\n<b>We are Knitters<\/b>. By Mar\u00eda Jos\u00e9 Mar\u00f3n (founder and CEO)<\/span><\/p>\n<p style=\"margin: 11px\"><span style=\"font-size: 11pt; color:#000000\">&nbsp;<\/span><\/p>\n<\/div>\n<\/figure>\n<\/div>\n<\/div>\n<\/div>\n<div class=\"row\">\n<div class=\"span12\">\n<div class=\"how-we-can-help-wrap\">\n<figure class=\"thumbnail alignnone clearfix\">\n<div class=\"row-fluid\">\n<div class=\"clear\"><\/div>\n<p style=\"margin: 11px\"><span style=\"font-size: 11pt; color:#000000\"><a href=\"https:\/\/www.routledge.com\/Sustainable-Luxury-Managing-Social-and-Environmental-Performance-in-Iconic\/Gardetti-Torres\/p\/book\/9781783530618\" target=\"_blank\" rel=\"noopener\"><img decoding=\"async\" class=\"alignleft\" src=\"https:\/\/lujosustentable.org\/es\/wp-content\/uploads\/2024\/08\/libro003.jpg\"><\/a><b>Book on SUSTAINABLE LUXURY<\/b><\/span><\/p>\n<p style=\"margin: 11px\"><span style=\"font-size: 11pt; color:#000000\">Edited by <b>Miguel Angel Gardetti<\/b> (Center for Studies on Sustainable Luxury) and <b>Ana Laura Torres<\/b> (The Sustainable Textile Center).<br \/>\nGSE-GreenLeaf Publishing (UK)<br \/>\nPresentation: 2014 (second half)<br \/>\nBasically, this book will compile the works of recognized authors in the field, such as J. N. Kapferer; Frederic Godart; Angela Finn, among others.<br \/>\nIt will consist of three parts:<br \/>\n<i>Luxury, Sustainability, Fashion and the Value Chain<\/i><br \/>\n<i>Luxury, Sustainability and Consumption<\/i><br \/>\n<i>Luxury, Sustainability and Tourism<\/i><br \/>\n<\/span><\/p>\n<p style=\"margin: 11px\"><span style=\"font-size: 11pt; color:#000000\">&nbsp;<\/span><\/p>\n<\/div>\n<\/figure>\n<\/div>\n<\/div>\n<\/div>\n","protected":false},"excerpt":{"rendered":"<p>SUSTAINABLE LUXURY AND JEWERLY This book - written by Ivan Coste-Mani\u00e8re and Miguel Angel Gardetti - analyzes the current trends in luxury and jewelry and presents how to make them sustainable for a better future. In the age of sustainability, we are increasingly seeing designers and consumers begin to think beyond how a product looks and functions, and are especially&nbsp;<a href=\"https:\/\/lujosustentable.org\/en\/books\/\" class=\"read-more\">Seguir leyendo<\/a><\/p>\n","protected":false},"author":2,"featured_media":0,"parent":0,"menu_order":0,"comment_status":"closed","ping_status":"closed","template":"page-fullwidth.php","meta":{"footnotes":""},"class_list":["post-22","page","type-page","status-publish","hentry"],"_links":{"self":[{"href":"https:\/\/lujosustentable.org\/en\/wp-json\/wp\/v2\/pages\/22","targetHints":{"allow":["GET"]}}],"collection":[{"href":"https:\/\/lujosustentable.org\/en\/wp-json\/wp\/v2\/pages"}],"about":[{"href":"https:\/\/lujosustentable.org\/en\/wp-json\/wp\/v2\/types\/page"}],"author":[{"embeddable":true,"href":"https:\/\/lujosustentable.org\/en\/wp-json\/wp\/v2\/users\/2"}],"replies":[{"embeddable":true,"href":"https:\/\/lujosustentable.org\/en\/wp-json\/wp\/v2\/comments?post=22"}],"version-history":[{"count":14,"href":"https:\/\/lujosustentable.org\/en\/wp-json\/wp\/v2\/pages\/22\/revisions"}],"predecessor-version":[{"id":99,"href":"https:\/\/lujosustentable.org\/en\/wp-json\/wp\/v2\/pages\/22\/revisions\/99"}],"wp:attachment":[{"href":"https:\/\/lujosustentable.org\/en\/wp-json\/wp\/v2\/media?parent=22"}],"curies":[{"name":"wp","href":"https:\/\/api.w.org\/{rel}","templated":true}]}}