{"id":61,"date":"2024-08-14T19:58:13","date_gmt":"2024-08-14T19:58:13","guid":{"rendered":"https:\/\/lujosustentable.org\/es\/?page_id=61"},"modified":"2024-08-14T20:11:03","modified_gmt":"2024-08-14T20:11:03","slug":"mision","status":"publish","type":"page","link":"https:\/\/lujosustentable.org\/es\/mision\/","title":{"rendered":"Misi\u00f3n"},"content":{"rendered":"<div class=\"row\">\n<div class=\"span12\">\n<div class=\"how-we-can-help-wrap\">\n<figure class=\"thumbnail alignnone clearfix\">\n<div class=\"row-fluid\">\n<div class=\"clear\"><\/div>\n<p style=\"margin: 11px;\"><span style=\"font-size: 11pt; color: #000000;\">Considerar al Lujo bajo un enfoque \u00abm\u00e1s profundo\u00bb y \u00abm\u00e1s aut\u00e9ntico\u00bb, requerir\u00e1 un desempe\u00f1o m\u00e1s social y ambiental de verdadera excelencia. La Misi\u00f3n del Centro de Estudios para el Lujo Sustentable es la de asistir a las empresas del lujo en la transformaci\u00f3n hacia la sustentabilidad, alentando pr\u00e1cticas de negocios sustentables en todas las \u00e1reas de la organizaci\u00f3n y de su cadena de abastecimiento. Para ello, el aprendizaje y la investigaci\u00f3n acad\u00e9mica cobrar\u00e1n relevancia y actualidad para los futuros l\u00edderes \u00absustentables\u00bb. Esto significa tomar una perspectiva amplia para garantizar que los temas sociales y ambientales sean totalmente integrados a la toma de decisiones. <\/span><\/p>\n<\/div>\n<\/figure>\n<\/div>\n<\/div>\n<\/div>\n","protected":false},"excerpt":{"rendered":"<p>Considerar al Lujo bajo un enfoque \u00abm\u00e1s profundo\u00bb y \u00abm\u00e1s aut\u00e9ntico\u00bb, requerir\u00e1 un desempe\u00f1o m\u00e1s social y ambiental de verdadera excelencia. La Misi\u00f3n del Centro de Estudios para el Lujo Sustentable es la de asistir a las empresas del lujo en la transformaci\u00f3n hacia la sustentabilidad, alentando pr\u00e1cticas de negocios sustentables en todas las \u00e1reas de la organizaci\u00f3n y de&nbsp;<a href=\"https:\/\/lujosustentable.org\/es\/mision\/\" class=\"read-more\">Seguir leyendo<\/a><\/p>\n","protected":false},"author":2,"featured_media":0,"parent":0,"menu_order":0,"comment_status":"closed","ping_status":"closed","template":"page-fullwidth.php","meta":{"footnotes":""},"class_list":["post-61","page","type-page","status-publish","hentry"],"_links":{"self":[{"href":"https:\/\/lujosustentable.org\/es\/wp-json\/wp\/v2\/pages\/61","targetHints":{"allow":["GET"]}}],"collection":[{"href":"https:\/\/lujosustentable.org\/es\/wp-json\/wp\/v2\/pages"}],"about":[{"href":"https:\/\/lujosustentable.org\/es\/wp-json\/wp\/v2\/types\/page"}],"author":[{"embeddable":true,"href":"https:\/\/lujosustentable.org\/es\/wp-json\/wp\/v2\/users\/2"}],"replies":[{"embeddable":true,"href":"https:\/\/lujosustentable.org\/es\/wp-json\/wp\/v2\/comments?post=61"}],"version-history":[{"count":2,"href":"https:\/\/lujosustentable.org\/es\/wp-json\/wp\/v2\/pages\/61\/revisions"}],"predecessor-version":[{"id":87,"href":"https:\/\/lujosustentable.org\/es\/wp-json\/wp\/v2\/pages\/61\/revisions\/87"}],"wp:attachment":[{"href":"https:\/\/lujosustentable.org\/es\/wp-json\/wp\/v2\/media?parent=61"}],"curies":[{"name":"wp","href":"https:\/\/api.w.org\/{rel}","templated":true}]}}