{"id":63,"date":"2024-08-14T19:58:43","date_gmt":"2024-08-14T19:58:43","guid":{"rendered":"https:\/\/lujosustentable.org\/es\/?page_id=63"},"modified":"2024-08-14T20:26:35","modified_gmt":"2024-08-14T20:26:35","slug":"direccion","status":"publish","type":"page","link":"https:\/\/lujosustentable.org\/es\/direccion\/","title":{"rendered":"Direcci\u00f3n"},"content":{"rendered":"<div class=\"row\">\n<div class=\"span12\">\n<div class=\"how-we-can-help-wrap\">\n<figure class=\"thumbnail alignnone clearfix\">\n<div class=\"row-fluid\">\n<div class=\"clear\"><\/div>\n<p style=\"margin: 11px\"><span style=\"font-size: 11pt; color:#000000\"><img decoding=\"async\" class=\"alignleft\" src=\"https:\/\/ctextilsustentable.org\/es\/wp-content\/uploads\/2021\/12\/foto010.jpg\"><b>Miguel \u00c1ngel Gardetti<\/b>, Ph.D. es Director del Instituto de Estudios para la Sustentabilidad Corporativa (IESC) desde su fundaci\u00f3n en el a\u00f1o 2002, <b>y tambi\u00e9n se desempe\u00f1a en el mismo rol e el Centro de Estudios para el Lujo Sustentable<\/b>. Es profesor titular en programas de posgrado y en maestr\u00edas tanto en Argentina como en el exterior. Ha capacitado en marcos de educaci\u00f3n ejecutiva y den programas \u00abin house\u00bb a CEOs y Gerentes Corporativos tanto de empresas nacionales como de multinacionales en Argentina y Latinoam\u00e9rica.<\/span><\/p>\n<p style=\"margin: 11px\"><span style=\"font-size: 11pt; color:#000000\">Adem\u00e1s, por sus aportes acad\u00e9micos en esta \u00e1rea -fue editor y coeditor de varios libros en la materia publicados en USA y en UK-, fue premiado con el \u00abSustainable Leadership Award\u00bb en la categor\u00eda \u00abacademia\u00bb (febrero 2015, en Bombay, India).<\/span><\/p>\n<p style=\"margin: 11px\"><span style=\"font-size: 11pt; color:#000000\">Fue creador del Premio al Lujo Sostenible en Am\u00e9rica Latina, iniciativa que ya lleva concretadas ocho ediciones. Ha sido miembro del Grupo Promotor del <b>Pacto Global de las Naciones Unidas<\/b> en Argentina e integr\u00f3 por dos per\u00edodos consecutivos su \u00f3rgano de gobierno, la Mesa Directiva de la Red Argentina del Pacto Global. Fue co-fundador de la C\u00e1tedra del Pacto Global en Argentina y form\u00f3 parte de la \u00abtaksforce\u00bb que desarroll\u00f3 los <b>\u00abPrincipios para una Educaci\u00f3n Responsable en Management\u00bb en el marco del Pacto Global de Naciones Unidas<\/b>.<\/span><\/p>\n<p style=\"margin: 11px\"><span style=\"font-size: 11pt; color:#000000\">Coordin\u00f3 trabajos para el Banco Interamericano de Desarrollo, la International Finance Corporation (brazo privado del Banco Mundial), el Servicio Holand\u00e9s de Cooperaci\u00f3n al Desarrollo, Naciones Unidas (Nueva York) y el World Resources Institute (USA).<\/span><\/p>\n<p style=\"margin: 11px\"><span style=\"font-size: 11pt; color:#000000\">&nbsp;<\/span><\/p>\n<\/div>\n<\/figure>\n<\/div>\n<\/div>\n<\/div>\n","protected":false},"excerpt":{"rendered":"<p>Miguel \u00c1ngel Gardetti, Ph.D. es Director del Instituto de Estudios para la Sustentabilidad Corporativa (IESC) desde su fundaci\u00f3n en el a\u00f1o 2002, y tambi\u00e9n se desempe\u00f1a en el mismo rol e el Centro de Estudios para el Lujo Sustentable. Es profesor titular en programas de posgrado y en maestr\u00edas tanto en Argentina como en el exterior. Ha capacitado en marcos&nbsp;<a href=\"https:\/\/lujosustentable.org\/es\/direccion\/\" class=\"read-more\">Seguir leyendo<\/a><\/p>\n","protected":false},"author":2,"featured_media":0,"parent":0,"menu_order":0,"comment_status":"closed","ping_status":"closed","template":"page-fullwidth.php","meta":{"footnotes":""},"class_list":["post-63","page","type-page","status-publish","hentry"],"_links":{"self":[{"href":"https:\/\/lujosustentable.org\/es\/wp-json\/wp\/v2\/pages\/63","targetHints":{"allow":["GET"]}}],"collection":[{"href":"https:\/\/lujosustentable.org\/es\/wp-json\/wp\/v2\/pages"}],"about":[{"href":"https:\/\/lujosustentable.org\/es\/wp-json\/wp\/v2\/types\/page"}],"author":[{"embeddable":true,"href":"https:\/\/lujosustentable.org\/es\/wp-json\/wp\/v2\/users\/2"}],"replies":[{"embeddable":true,"href":"https:\/\/lujosustentable.org\/es\/wp-json\/wp\/v2\/comments?post=63"}],"version-history":[{"count":3,"href":"https:\/\/lujosustentable.org\/es\/wp-json\/wp\/v2\/pages\/63\/revisions"}],"predecessor-version":[{"id":90,"href":"https:\/\/lujosustentable.org\/es\/wp-json\/wp\/v2\/pages\/63\/revisions\/90"}],"wp:attachment":[{"href":"https:\/\/lujosustentable.org\/es\/wp-json\/wp\/v2\/media?parent=63"}],"curies":[{"name":"wp","href":"https:\/\/api.w.org\/{rel}","templated":true}]}}