{"id":65,"date":"2024-08-14T19:59:03","date_gmt":"2024-08-14T19:59:03","guid":{"rendered":"https:\/\/lujosustentable.org\/es\/?page_id=65"},"modified":"2024-08-17T15:24:21","modified_gmt":"2024-08-17T15:24:21","slug":"consejo-de-consulta","status":"publish","type":"page","link":"https:\/\/lujosustentable.org\/es\/consejo-de-consulta\/","title":{"rendered":"Consejo de Consulta"},"content":{"rendered":"<div class=\"row\">\n<div class=\"span12\">\n<div class=\"how-we-can-help-wrap\">\n<figure class=\"thumbnail alignnone clearfix\">\n<div class=\"row-fluid\">\n<div class=\"clear\"><\/div>\n<p style=\"margin: 11px\"><span style=\"font-size: 11pt; color:#000000\">Para lograr su misi\u00f3n, el Centro de Estudios para el Lujo Sustentable, ha conformado un Consejo de Consulta que, a la fecha est\u00e1 integrado por:<\/span><\/p>\n<p style=\"margin: 11px\"><span style=\"font-size: 11pt; color:#000000\">&nbsp;<\/span><\/p>\n<p style=\"margin: 11px\"><span style=\"font-size: 11pt; color:#000000\"><img decoding=\"async\" class=\"alignleft\" src=\"https:\/\/lujosustentable.org\/es\/wp-content\/uploads\/2024\/08\/GIRON.jpg\"><b>Mar\u00eda Eugenia Gir\u00f3n<\/b> cuenta con 18 a\u00f1os de experiencia en la industria premium y del lujo como ejecutiva, inversora, conferencista, profesora y autora.<br \/>\nEn Loewe, la marca espa\u00f1ola l\u00edder en art\u00edculos del lujo, tuvo responsabilidad internacional. Lider\u00f3 la compra (MBI) de Carrera y Carrera en 1999 y fue Consejera Delegada de dicha compa\u00f1\u00eda durante seis a\u00f1os. En 2012, asumi\u00f3 el cargo de Presidente de Le Chameau, la marca francesa conocida por sus botas de goma de lujo. Fue socia fundadora de Silvercloud, el fondo de inversi\u00f3n creado en 2010 para adquirir compa\u00f1\u00edas en el sector premium y de lujo. Es miembro del Consejo Asesor de diversas empresas del sector, incluyendo varias compa\u00f1\u00edas referentes espa\u00f1olas y europeas.<br \/>\nAsimismo, es la impulsora y directora ejecutiva del <b>Observatorio de Mercado Premium y de Prestigio de IE Business School y Mastercard<\/b>. Adem\u00e1s, es miembro de la Junta Internacional de <b>Oceana<\/b> y del Premio al Mejor Desempe\u00f1o en Lujo Sustentable en Am\u00e9rica Latina. Es parte del Patronato de la Universidad IE, de la Fundaci\u00f3n para la Diversidad y de <i>\u00abSpain Start-Up &#038; Investors Summit\u00bb<\/i>, adem\u00e1s de ser asesora de Ashoka.<br \/>\nEs licenciada en Ingenier\u00eda Industrial egresada de ICAI, Universidad Pontificia de Comillas y tiene una Maestr\u00eda en Administraci\u00f3n de Empresas (MBA) de la Escuela de Negocios de Harvard.<br \/>\nDicta la c\u00e1tedra electiva \u00abEmprendedorismo Premium y de Lujo\u00bb [<i>Premium and luxury entrepreneurship<\/i>] en el IE, es autora de \u00ab<b>Secretos de Lujo<\/b>\u00ab, publicado en 2009, y es directora y coautora del \u00ab<b>Diccionario del Lujo y Responsabilidad<\/b>\u00ab, publicado en 2012.<br \/>\n<b>En 2004, fue galardonada como mejor mujer Ejecutiva de Espa\u00f1a<\/b>.<\/span><\/p>\n<p style=\"margin: 11px\"><span style=\"font-size: 11pt; color:#000000\">&nbsp;<\/span><\/p>\n<p style=\"margin: 11px\"><span style=\"font-size: 11pt; color:#000000\"><img decoding=\"async\" class=\"alignleft\" src=\"https:\/\/lujosustentable.org\/es\/wp-content\/uploads\/2024\/08\/foto005nu.jpg\"><b>Dana Thomas<\/b>.<\/span><\/p>\n<p style=\"margin: 11px\"><span style=\"font-size: 11pt; color:#000000\">Es la autora del best seller -seg\u00fan el New York Times- Deluxe: How Luxury Lost Its Luster (C\u00f3mo el Lujo perdi\u00f3 su Esplendor) publicado por The Penguin Press en 2007. Inici\u00f3 su carrera como escritora en la secci\u00f3n Estilo de The Washington Post en Washington, D.C. y de 1995 a 2008, se desempe\u00f1\u00f3 como corresponsal de cultura y de moda en Europa para Newsweek en Par\u00eds. M\u00e1s recientemente, fue editora europea de Cond\u00e9 Nast Portfolio. Ha escrito para New York Times Magazine, The New Yorker, Vogue, Harper\u00b4s Bazaar, Los Angeles Times y Financial Times en Londres y se desempe\u00f1a como corresponsal en Par\u00eds para la revista australiana Harper\u00b4s Bazaar. La Sra. Thomas es miembro de la Asociaci\u00f3n de Prensa Angloamericana en Par\u00eds y el Overseas Press Club. Ense\u00f1\u00f3 periodismo en la Universidad Americana de Par\u00eds de 1996 a 1999. En 1987, recibi\u00f3 una Beca de la Fundaci\u00f3n Sigma Delta Chi y el Premio Ellis Haller por Outstanding Achievement en Periodismo. Reside actualmente en Par\u00eds.<\/span><\/p>\n<p style=\"margin: 11px\"><span style=\"font-size: 11pt; color:#000000\">&nbsp;<\/span><\/p>\n<p style=\"margin: 11px\"><span style=\"font-size: 11pt; color:#000000\">&nbsp;<\/span><\/p>\n<p style=\"margin: 11px\"><span style=\"font-size: 11pt; color:#000000\">&nbsp;<\/span><\/p>\n<p style=\"margin: 11px\"><span style=\"font-size: 11pt; color:#000000\">&nbsp;<\/span><\/p>\n<p style=\"margin: 11px\"><span style=\"font-size: 11pt; color:#000000\">&nbsp;<\/span><\/p>\n<p style=\"margin: 11px\"><span style=\"font-size: 11pt; color:#000000\"><img decoding=\"async\" class=\"alignleft\" src=\"https:\/\/lujosustentable.org\/es\/wp-content\/uploads\/2024\/08\/foto008.jpg\"><b>Sean Ansett<\/b> es un Ejecutivo especializado en Sustentabilidad que cuenta con 20 a\u00f1os de experiencia en el manejo de la complejidad, la creaci\u00f3n de asociaciones con m\u00faltiples sakeholders y el impulso del cambio como la \u00abconciencia de la empresa\u00bb en los sectores de indumentaria, electr\u00f3nica y alimentos.<\/span><\/p>\n<p style=\"margin: 11px\"><span style=\"font-size: 11pt; color:#000000\">Antes de fundar <b>At Stake Advisors<\/b>, Sean Ansett se desempe\u00f1\u00f3 como <b>Director de Responsabilidad Empresarial en Burberry<\/b> y Director de Asociaciones Globales en <b>Gap Inc.<\/b>, donde fij\u00f3 un nuevo criterio para la elaboraci\u00f3n de informes de responsabilidad empresarial por el cual recibi\u00f3 m\u00e1s de 2 millones de opiniones positivas. <b>Tambi\u00e9n se desempe\u00f1\u00f3 como Director Ejecutivo interino de Bangladesh Accord, la primera iniciativa de seguridad para proveedores.<\/b><\/span><\/p>\n<p style=\"margin: 11px\"><span style=\"font-size: 11pt; color:#000000\">Sean fue CSO de <b>Fairphone<\/b>, la primera empresa de smartphones modulares sustentable que sali\u00f3 con \u00e9xito al mercado y recaud\u00f3 $8 millones en financiaci\u00f3n colectiva. Obtuvo el <b>Premio Momentum for Change de la ONU<\/b> y el <b>Premio Comunitario Sustaina 100<\/b> y fue <b>finalista en los Premios de Innovaci\u00f3n Interactiva SXSW 2016<\/b>.<\/span><\/p>\n<p style=\"margin: 11px\"><span style=\"font-size: 11pt; color:#000000\">Sean participa regularmente de paneles y es profesor invitado en las principales escuelas de negocios: INSEAD, London Business School, NYU, Universidad de Cambridge y Universidad de Michigan. Ha contribuido y ha sido citado en <b>Bloomberg, Financial Times y Wall Street Journal<\/b>.<\/span><\/p>\n<p style=\"margin: 11px\"><span style=\"font-size: 11pt; color:#000000\">Actualmente, Sean preside el directorio de <b>Uniform &#8211; Liberty and Justice Clothing<\/b>, es Profesor Adjunto de Instituto de Liderazgo para la Sustentabilidad de la <b>Universidad de Cambridge<\/b> y forma parte de Nest, Responsible Ecosystems Services Platform -la Plataforma de Servicios Responsables para Ecosistemas (RESP) y el <b>Instituto Erb de la Universidad de Michigan<\/b>.<\/span><\/p>\n<p style=\"margin: 11px\"><span style=\"font-size: 11pt; color:#000000\">Sean tiene una maestr\u00eda en Liderazgo en Sustentabilidad de la Universidad de Cambridge y una maestr\u00eda en Administraci\u00f3n de Empresas de California State University. Trabaj\u00f3 como voluntario del Cuerpo de Paz de Estados Unidos, habla espa\u00f1ol con fluidez y tiene experiencia en equipos interculturales en m\u00e1s de 30 pa\u00edses incluyendo China, Bangaldesh, India, M\u00e9xico, Turqu\u00eda y Vietnam.<\/span><\/p>\n<p style=\"margin: 11px\"><span style=\"font-size: 11pt; color:#000000\">&nbsp;<\/span><\/p>\n<p style=\"margin: 11px\"><span style=\"font-size: 11pt; color:#000000\"><img decoding=\"async\" class=\"alignleft\" src=\"https:\/\/lujosustentable.org\/es\/wp-content\/uploads\/2024\/08\/foto007.jpg\"><b>Eduardo Escobedo<\/b><\/span><\/p>\n<p style=\"margin: 11px\"><span style=\"font-size: 11pt; color:#000000\">Eduardo fue el Director Ejecutivo de Responsible Ecosytems Sourcing Platform (RESP), una plataforma de compa\u00f1\u00edas de lujo, gobiernos e instituciones que trabajan conjuntamente a fin de crear modelos econ\u00f3micos sustentables para beneficio de las personas y la naturaleza. En esta funci\u00f3n es responsable de garantizar la relevancia, efectividad y liderazgo continuos de RESP en pos de cumplir su misi\u00f3n.<\/span><\/p>\n<p style=\"margin: 11px\"><span style=\"font-size: 11pt; color:#000000\">Antes de fundar RESP, Eduardo ocup\u00f3 una serie de cargos en organizaciones internacionales, gobiernos y compa\u00f1\u00edas, incluyendo la Conferencia de Naciones Unidas sobre el Comercio y Desarrollo (UNCTAD), el Centro Internacional para el Comercio y Desarrollo Sustentable (ICTSD), el Ministerio de Econom\u00eda de M\u00e9xico y General Electric. Eduardo es oriundo de M\u00e9xico y es Ingeniero Industrial y en Sistemas recibido en el Instituto Tecnol\u00f3gico de Monterrey (ITESM). Tambi\u00e9n tiene una Maestr\u00eda en Estudios de Desarrollo del Instituto de Graduados de la Universidad de Ginebra. Adem\u00e1s obtuvo diplomas de posgrado en la Universidad de Viena, la Universidad de Ginebra y la Escuela de Negocios de IESE.<\/span><\/p>\n<p style=\"margin: 11px\"><span style=\"font-size: 11pt; color:#000000\">&nbsp;<\/span><\/p>\n<\/div>\n<\/figure>\n<\/div>\n<\/div>\n<\/div>\n","protected":false},"excerpt":{"rendered":"<p>Para lograr su misi\u00f3n, el Centro de Estudios para el Lujo Sustentable, ha conformado un Consejo de Consulta que, a la fecha est\u00e1 integrado por: &nbsp; Mar\u00eda Eugenia Gir\u00f3n cuenta con 18 a\u00f1os de experiencia en la industria premium y del lujo como ejecutiva, inversora, conferencista, profesora y autora. En Loewe, la marca espa\u00f1ola l\u00edder en art\u00edculos del lujo, tuvo&nbsp;<a href=\"https:\/\/lujosustentable.org\/es\/consejo-de-consulta\/\" class=\"read-more\">Seguir leyendo<\/a><\/p>\n","protected":false},"author":2,"featured_media":0,"parent":0,"menu_order":0,"comment_status":"closed","ping_status":"closed","template":"page-fullwidth.php","meta":{"footnotes":""},"class_list":["post-65","page","type-page","status-publish","hentry"],"_links":{"self":[{"href":"https:\/\/lujosustentable.org\/es\/wp-json\/wp\/v2\/pages\/65","targetHints":{"allow":["GET"]}}],"collection":[{"href":"https:\/\/lujosustentable.org\/es\/wp-json\/wp\/v2\/pages"}],"about":[{"href":"https:\/\/lujosustentable.org\/es\/wp-json\/wp\/v2\/types\/page"}],"author":[{"embeddable":true,"href":"https:\/\/lujosustentable.org\/es\/wp-json\/wp\/v2\/users\/2"}],"replies":[{"embeddable":true,"href":"https:\/\/lujosustentable.org\/es\/wp-json\/wp\/v2\/comments?post=65"}],"version-history":[{"count":23,"href":"https:\/\/lujosustentable.org\/es\/wp-json\/wp\/v2\/pages\/65\/revisions"}],"predecessor-version":[{"id":194,"href":"https:\/\/lujosustentable.org\/es\/wp-json\/wp\/v2\/pages\/65\/revisions\/194"}],"wp:attachment":[{"href":"https:\/\/lujosustentable.org\/es\/wp-json\/wp\/v2\/media?parent=65"}],"curies":[{"name":"wp","href":"https:\/\/api.w.org\/{rel}","templated":true}]}}