{"id":67,"date":"2024-08-14T19:59:30","date_gmt":"2024-08-14T19:59:30","guid":{"rendered":"https:\/\/lujosustentable.org\/es\/?page_id=67"},"modified":"2024-08-15T11:58:04","modified_gmt":"2024-08-15T11:58:04","slug":"journals","status":"publish","type":"page","link":"https:\/\/lujosustentable.org\/es\/journals\/","title":{"rendered":"Journals"},"content":{"rendered":"<div class=\"row\">\n<div class=\"span12\">\n<div class=\"how-we-can-help-wrap\">\n<figure class=\"thumbnail alignnone clearfix\">\n<div class=\"row-fluid\">\n<div class=\"clear\"><\/div>\n<p style=\"margin: 11px\"><span style=\"font-size: 11pt; color:#000000\"><a href=\"https:\/\/www.amazon.com\/Sustainable-Luxury-special-Corporate-Citizenship\/dp\/1783530901\" targe=_blank><img decoding=\"async\" class=\"alignleft\" src=\"https:\/\/lujosustentable.org\/es\/wp-content\/uploads\/2024\/08\/libro001.jpg\"><\/a><b>JOURNAL OF CORPORATE CITIZENSHIP<\/b><\/span><\/p>\n<p style=\"margin: 11px\"><span style=\"font-size: 11pt; color:#000000\"><b>N\u00famero Especial sobre LUJO SUSTENTABLE<\/b><\/span><\/p>\n<p style=\"margin: 11px\"><span style=\"font-size: 11pt; color:#000000\">Editado por <b>Miguel Angel Gardetti<\/b> (Centro de Estudios para el Lujo Sustentable) y <b>Ana Laura Torres<\/b> (Centro Textil Sustentable).<\/span><\/p>\n<p style=\"margin: 11px\"><span style=\"font-size: 11pt; color:#000000\">GSE-Greenleaf Publishing (UK).<\/span><\/p>\n<p style=\"margin: 11px\"><span style=\"font-size: 11pt; color:#000000\">Presentaci\u00f3n: Diciembre 2013.<\/span><\/p>\n<p style=\"margin: 11px\"><span style=\"font-size: 11pt; color:#000000\">En este n\u00famero especial del Journal of Corporate Citizenship se presentan trabajos que sirven como base a investigaciones acad\u00e9micas. Los trabajos abarcan desde la <i>Disrupci\u00f3n Elegante; c\u00f3mo puede crearse Valor en el sector del Lujo con estrategias sociales y ambientales; relaci\u00f3n entre el management y la sustentabilidad en compa\u00f1ias de lujo; la perspectiva de los consumidores y el caso Ainy, ganador del Premio a la Mejor Performance en Lujo Sustentable en Latinoam\u00e9rica (1era edici\u00f3n) en la categor\u00eda mejor empresa de cosm\u00e9tica de lujo sustentable<\/i>.<\/span><\/p>\n<p style=\"margin: 11px\"><span style=\"font-size: 11pt; color:#000000\">&nbsp;<\/span><\/p>\n<\/div>\n<\/figure>\n<\/div>\n<\/div>\n<\/div>\n","protected":false},"excerpt":{"rendered":"<p>JOURNAL OF CORPORATE CITIZENSHIP N\u00famero Especial sobre LUJO SUSTENTABLE Editado por Miguel Angel Gardetti (Centro de Estudios para el Lujo Sustentable) y Ana Laura Torres (Centro Textil Sustentable). GSE-Greenleaf Publishing (UK). Presentaci\u00f3n: Diciembre 2013. En este n\u00famero especial del Journal of Corporate Citizenship se presentan trabajos que sirven como base a investigaciones acad\u00e9micas. Los trabajos abarcan desde la Disrupci\u00f3n Elegante;&nbsp;<a href=\"https:\/\/lujosustentable.org\/es\/journals\/\" class=\"read-more\">Seguir leyendo<\/a><\/p>\n","protected":false},"author":2,"featured_media":0,"parent":0,"menu_order":0,"comment_status":"closed","ping_status":"closed","template":"page-fullwidth.php","meta":{"footnotes":""},"class_list":["post-67","page","type-page","status-publish","hentry"],"_links":{"self":[{"href":"https:\/\/lujosustentable.org\/es\/wp-json\/wp\/v2\/pages\/67","targetHints":{"allow":["GET"]}}],"collection":[{"href":"https:\/\/lujosustentable.org\/es\/wp-json\/wp\/v2\/pages"}],"about":[{"href":"https:\/\/lujosustentable.org\/es\/wp-json\/wp\/v2\/types\/page"}],"author":[{"embeddable":true,"href":"https:\/\/lujosustentable.org\/es\/wp-json\/wp\/v2\/users\/2"}],"replies":[{"embeddable":true,"href":"https:\/\/lujosustentable.org\/es\/wp-json\/wp\/v2\/comments?post=67"}],"version-history":[{"count":4,"href":"https:\/\/lujosustentable.org\/es\/wp-json\/wp\/v2\/pages\/67\/revisions"}],"predecessor-version":[{"id":129,"href":"https:\/\/lujosustentable.org\/es\/wp-json\/wp\/v2\/pages\/67\/revisions\/129"}],"wp:attachment":[{"href":"https:\/\/lujosustentable.org\/es\/wp-json\/wp\/v2\/media?parent=67"}],"curies":[{"name":"wp","href":"https:\/\/api.w.org\/{rel}","templated":true}]}}