{"id":69,"date":"2024-08-14T19:59:44","date_gmt":"2024-08-14T19:59:44","guid":{"rendered":"https:\/\/lujosustentable.org\/es\/?page_id=69"},"modified":"2024-08-15T13:45:17","modified_gmt":"2024-08-15T13:45:17","slug":"libros","status":"publish","type":"page","link":"https:\/\/lujosustentable.org\/es\/libros\/","title":{"rendered":"Libros"},"content":{"rendered":"<div class=\"row\">\n<div class=\"span12\">\n<div class=\"how-we-can-help-wrap\">\n<figure class=\"thumbnail alignnone clearfix\">\n<div class=\"row-fluid\">\n<div class=\"clear\"><\/div>\n<p style=\"margin: 11px\"><span style=\"font-size: 11pt; color:#000000\"><a href=\"https:\/\/www.amazon.com\/Sustainable-Luxury-special-Corporate-Citizenship\/dp\/1783530901\" target=\"_blank\" rel=\"noopener\"><img decoding=\"async\" class=\"alignleft\" src=\"https:\/\/lujosustentable.org\/es\/wp-content\/uploads\/2024\/08\/libro100.jpg\"><\/a><b>SUSTAINABLE LUXURY AND JEWERLY<\/b><\/span><\/p>\n<p style=\"margin: 11px\"><span style=\"font-size: 11pt; color:#000000\">Este libro -elaborado por Ivan Coste-Mani\u00e8re y Miguel Angel Gardetti- analiza las tendencias actuales del lujo y la joyer\u00eda y presenta c\u00f3mo hacerlas sostenibles para un futuro mejor. En la era de la sostenibilidad, vemos cada vez m\u00e1s c\u00f3mo los dise\u00f1adores y los consumidores empiezan a pensar m\u00e1s all\u00e1 del aspecto y el funcionamiento de un producto, y se preocupan especialmente por lo que ha ocurrido durante su proceso de fabricaci\u00f3n y por lo que ocurrir\u00e1 una vez que su vida \u00fatil llegue a su fin. Hoy en d\u00eda, los consumidores valoran que todo producto y proceso industrial debe ser sostenible, beneficioso para las personas, la econom\u00eda y el planita, y lo mismo ocurre con las joyas.<\/span><\/p>\n<p style=\"margin: 11px\"><span style=\"font-size: 11pt; color:#000000\">&nbsp;<\/span><\/p>\n<\/div>\n<\/figure>\n<\/div>\n<\/div>\n<\/div>\n<div class=\"row\">\n<div class=\"span12\">\n<div class=\"how-we-can-help-wrap\">\n<figure class=\"thumbnail alignnone clearfix\">\n<div class=\"row-fluid\">\n<div class=\"clear\"><\/div>\n<p style=\"margin: 11px\"><span style=\"font-size: 11pt; color:#000000\"><a href=\"https:\/\/www.springer.com\/us\/book\/9789911537684\" target=\"_blank\" rel=\"noopener\"><img decoding=\"async\" class=\"alignleft\" src=\"https:\/\/lujosustentable.org\/es\/wp-content\/uploads\/2024\/08\/libro012.jpg\"><\/a><b>SUSTAINABLE LUXURY AND CRAFTMANSHIP<\/b><\/span><\/p>\n<p style=\"margin: 11px\"><span style=\"font-size: 11pt; color:#000000\">Este libro explora la estrecha relaci\u00f3n entre el lujo y la artesan\u00eda, utilizando estudios de caso y el comportamiento del consumidor para hacerlo. Adem\u00e1s, analiza c\u00f3mo el lujo sostenible puede ofrecer un veh\u00edculo para un mayor respeto por el medio ambiente y el desarrollo social as\u00ed como tambi\u00e9n, ser sin\u00f3nimo de cultura, arte e innovaci\u00f3n de diversas nacionalidades, continuando con el legado de la artesan\u00eda local.<\/span><\/p>\n<p style=\"margin: 11px\"><span style=\"font-size: 11pt; color:#000000\">&nbsp;<\/span><\/p>\n<\/div>\n<\/figure>\n<\/div>\n<\/div>\n<\/div>\n<div class=\"row\">\n<div class=\"span12\">\n<div class=\"how-we-can-help-wrap\">\n<figure class=\"thumbnail alignnone clearfix\">\n<div class=\"row-fluid\">\n<div class=\"clear\"><\/div>\n<p style=\"margin: 11px\"><span style=\"font-size: 11pt; color:#000000\"><a href=\"https:\/\/www.springer.com\/us\/book\/9789811520464\" target=\"_blank\" rel=\"noopener\"><img decoding=\"async\" class=\"alignleft\" src=\"https:\/\/lujosustentable.org\/es\/wp-content\/uploads\/2024\/08\/libro011.jpg\"><\/a><b>SUSTAINABILITY &#8211; IS IT REDEFINING THE NOTION OF LUXURY?<\/b><\/span><\/p>\n<p style=\"margin: 11px\"><span style=\"font-size: 11pt; color:#000000\">Este libro presenta y analiza aspectos que, en el marco del lujo, han sido o est\u00e1n siendo redefinidos por consideraciones de sostenibilidad. Tambi\u00e9n introduce y revisa casos de la industria en relaci\u00f3n con este proceso de redefinici\u00f3n en curso.<\/span><\/p>\n<p style=\"margin: 11px\"><span style=\"font-size: 11pt; color:#000000\">&nbsp;<\/span><\/p>\n<\/div>\n<\/figure>\n<\/div>\n<\/div>\n<\/div>\n<div class=\"row\">\n<div class=\"span12\">\n<div class=\"how-we-can-help-wrap\">\n<figure class=\"thumbnail alignnone clearfix\">\n<div class=\"row-fluid\">\n<div class=\"clear\"><\/div>\n<p style=\"margin: 11px\"><span style=\"font-size: 11pt; color:#000000\"><a href=\"https:\/\/www.amazon.com\/-\/es\/Lujo-sostenible-Creacion-desarrollo-valores-ebook\/dp\/\" target=\"_blank\" rel=\"noopener\"><img decoding=\"async\" class=\"alignleft\" src=\"https:\/\/lujosustentable.org\/es\/wp-content\/uploads\/2024\/08\/libro010.jpg\"><\/a><b>LUJO SOSTENIBLE &#8211; CREACI\u00d3N, DESARROLLO Y VALORES DE UNA MARCA<\/b><\/span><\/p>\n<p style=\"margin: 11px\"><span style=\"font-size: 11pt; color:#000000\">\u00abComo Director del Centro de Estudios para el Lujo Sustentable, Miguel Angel Gardetti es una voz conocedora e influyente en el \u00e1mbito de los negocios m\u00e1s limpios y m\u00e1s ecol\u00f3gicos. Y si bien su foco es la moda y el estilo de vida, sus lecciones son universales. Lujo Sostenible: Valores, Creaci\u00f3n y Desarrollo de una Marca es una lectura obligada e importante para emprendedores de cualquier industria de hoy\u00bb.<\/span><\/p>\n<p style=\"margin: 11px; text-align:right\"><span style=\"font-size: 11pt; color:#000000\">Dana THomas; autora de Deluxe: How Luxury Lost Its Luster<\/span><\/p>\n<p style=\"margin: 11px\"><span style=\"font-size: 11pt; color:#000000\">&nbsp;<\/span><\/p>\n<\/div>\n<\/figure>\n<\/div>\n<\/div>\n<\/div>\n<div class=\"row\">\n<div class=\"span12\">\n<div class=\"how-we-can-help-wrap\">\n<figure class=\"thumbnail alignnone clearfix\">\n<div class=\"row-fluid\">\n<div class=\"clear\"><\/div>\n<p style=\"margin: 11px\"><span style=\"font-size: 11pt; color:#000000\"><a href=\"https:\/\/www.springer.com\/us\/book\/9789811306228\" target=\"_blank\" rel=\"noopener\"><img decoding=\"async\" class=\"alignleft\" src=\"https:\/\/lujosustentable.org\/es\/wp-content\/uploads\/2024\/08\/libro009.jpg\"><\/a><b>SUSTAINABLE LUXURY &#8211; CASES ON CIRCULAR ECONOMY AND ENTREPRENEURSHIP<\/b><\/span><\/p>\n<p style=\"margin: 11px\"><span style=\"font-size: 11pt; color:#000000\">En este libro, se destacan diez casos de emprendedores que, en el contexto de la econom\u00eda circular, han redefinido el paradigma del lujo y la noci\u00f3n de exclusividad que requiere. Muestra c\u00f3mo, mediante el uso de la tecnolog\u00eda y un nuevo modo de consumir, las diez empresas han creado nuevos modelos de negocio y formas de uso m\u00e1s inteligentes y m\u00e1s adecuadas para los tiempos modernos.<\/span><\/p>\n<p style=\"margin: 11px\"><span style=\"font-size: 11pt; color:#000000\">&nbsp;<\/span><\/p>\n<\/div>\n<\/figure>\n<\/div>\n<\/div>\n<\/div>\n<div class=\"row\">\n<div class=\"span12\">\n<div class=\"how-we-can-help-wrap\">\n<figure class=\"thumbnail alignnone clearfix\">\n<div class=\"row-fluid\">\n<div class=\"clear\"><\/div>\n<p style=\"margin: 11px\"><span style=\"font-size: 11pt; color:#000000\"><a href=\"https:\/\/www.springer.com\/us\/book\/9789811067150\" target=\"_blank\" rel=\"noopener\"><img decoding=\"async\" class=\"alignleft\" src=\"https:\/\/lujosustentable.org\/es\/wp-content\/uploads\/2024\/08\/libro008.jpg\"><\/a><b>SUSTAINABLE LUXURY, ENTREPRENEURSHIP, AND INNOVATION<\/b><\/span><\/p>\n<p style=\"margin: 11px\"><span style=\"font-size: 11pt; color:#000000\">Editado por <b>Miguel Angel Gardetti<\/b>.<\/span><\/p>\n<p style=\"margin: 11px\"><span style=\"font-size: 11pt; color:#000000\">Este libro -cuyos editores invitados han sido Miguel Angel Gardetti y Subramanian Senthikannan Muthu- muestra en forma general la relaci\u00f3n entre el lujo sustentable, el emprendedurismo y la innovaci\u00f3n. En particular, se destacan los diferentes roles en el emprendedurismo y la innovaci\u00f3n, bas\u00e1ndose en el acto de crear una nueva empresa en el \u00e1mbito del lujo y la moda sostenibles, lo que tambi\u00e9n implica caracter\u00edsticas cognitivas y motivacionales. Asimismo se discute el hecho de que muchas innovaciones que promueven la sostenibilidad requieren avances tecnol\u00f3gicos sustanciales.<\/span><\/p>\n<p style=\"margin: 11px\"><span style=\"font-size: 11pt; color:#000000\">&nbsp;<\/span><\/p>\n<\/div>\n<\/figure>\n<\/div>\n<\/div>\n<\/div>\n<div class=\"row\">\n<div class=\"span12\">\n<div class=\"how-we-can-help-wrap\">\n<figure class=\"thumbnail alignnone clearfix\">\n<div class=\"row-fluid\">\n<div class=\"clear\"><\/div>\n<p style=\"margin: 11px\"><span style=\"font-size: 11pt; color:#000000\"><a href=\"https:\/\/www.springer.com\/us\/book\/9789811029165\" target=\"_blank\" rel=\"noopener\"><img decoding=\"async\" class=\"alignleft\" src=\"https:\/\/lujosustentable.org\/es\/wp-content\/uploads\/2024\/08\/libro005.jpg\"><\/a><b>SUSTAINABLE MANAGEMENT OF LUXURY<\/b><\/span><\/p>\n<p style=\"margin: 11px\"><span style=\"font-size: 11pt; color:#000000\">Editado por <b>Miguel Angel Gardetti<\/b>.<\/span><\/p>\n<p style=\"margin: 11px\"><span style=\"font-size: 11pt; color:#000000\">Como este libro es el primero a nivel global que refiere a la gesti\u00f3n \u00absustentable\u00bb del lujo, pone de relieve los aspectos clave en la gesti\u00f3n basado en presentaciones usando diferentes enfoques, ya sean reflexivos, emp\u00edricos, te\u00f3ricos y casos aplicados.<\/span><\/p>\n<p style=\"margin: 11px\"><span style=\"font-size: 11pt; color:#000000\">&nbsp;<\/span><\/p>\n<\/div>\n<\/figure>\n<\/div>\n<\/div>\n<\/div>\n<div class=\"row\">\n<div class=\"span12\">\n<div class=\"how-we-can-help-wrap\">\n<figure class=\"thumbnail alignnone clearfix\">\n<div class=\"row-fluid\">\n<div class=\"clear\"><\/div>\n<p style=\"margin: 11px\"><span style=\"font-size: 11pt; color:#000000\"><a href=\"https:\/\/www.routledge.com\/Sustainable-Luxury-and-Social-Entrepreneurship-Volume-II-More-Stories\/Gardetti-Giron\/p\/book\/9781783533565\" target=\"_blank\" rel=\"noopener\"><img decoding=\"async\" class=\"alignleft\" src=\"https:\/\/lujosustentable.org\/es\/wp-content\/uploads\/2024\/08\/libro004.jpg\"><\/a><b>SUSTAINABLE LUXURY and SOCIAL ENTREPRENEURSHIP: More Stories form the Pioneers<\/b><\/span><\/p>\n<p style=\"margin: 11px\"><span style=\"font-size: 11pt; color:#000000\">Editado por <b>Miguel Angel Gardetti<\/b> y <b>Mar\u00eda Eugenia Gir\u00f3n<\/b>.<\/span><\/p>\n<p style=\"margin: 11px\"><span style=\"font-size: 11pt; color:#000000\">GSE-Greenleaf Publishing (UK).<\/span><\/p>\n<p style=\"margin: 11px\"><span style=\"font-size: 11pt; color:#000000\">Presentaci\u00f3n: Junio 2016.<\/span><\/p>\n<p style=\"margin: 11px\"><span style=\"font-size: 11pt; color:#000000\">Los casos presentados en este segundo volumen est\u00e1n siendo desarrollados por l\u00edderes transformacionales, que inspiran, que estimulan intelectualmente y que poseen una consideraci\u00f3n muy importante y muy profunda por las personas y el medioambiente. Y el liderazgo y la inspiraci\u00f3n es una relaci\u00f3n vital para el logro del cambio hacia la sustentabilidad. Entre otros se exponen los casos de CRED (Joyer\u00eda, UK), Eden Diodati (Moda y Accesorios); SONEVA (Hoteler\u00eda, Maldivas).<\/span><\/p>\n<p style=\"margin: 11px\"><span style=\"font-size: 11pt; color:#000000\">&nbsp;<\/span><\/p>\n<\/div>\n<\/figure>\n<\/div>\n<\/div>\n<\/div>\n<div class=\"row\">\n<div class=\"span12\">\n<div class=\"how-we-can-help-wrap\">\n<figure class=\"thumbnail alignnone clearfix\">\n<div class=\"row-fluid\">\n<div class=\"clear\"><\/div>\n<p style=\"margin: 11px\"><span style=\"font-size: 11pt; color:#000000\"><a href=\"https:\/\/www.springer.com\/us\/book\/9789812876324\" target=\"_blank\" rel=\"noopener\"><img decoding=\"async\" class=\"alignleft\" src=\"https:\/\/lujosustentable.org\/es\/wp-content\/uploads\/2024\/08\/libro006.jpg\"><img decoding=\"async\" class=\"alignleft\" src=\"https:\/\/lujosustentable.org\/es\/wp-content\/uploads\/2024\/08\/libro007.jpg\"><\/a><b>Miguel Angel Gardetti -Fundador y Director del Centro Textil Sustentable- y Subramanian Senthikannan Muthu<\/b> publicaron el \u00abHandbook of Sustainable Luxury Textiles and Fashion\u00bb. Es el primer libro exclusivamente dedicado a los textiles y moda de lujo sustentables.<\/span><\/p>\n<p style=\"margin: 11px\"><span style=\"font-size: 11pt; color:#000000\">El libro se compone de dos cap\u00edtulos: <b>el primero de ellos<\/b> presentado en Agosto 2015 y <b>el segundo<\/b> en Septiembre 2015.<\/span><\/p>\n<p style=\"margin: 11px\"><span style=\"font-size: 11pt; color:#000000\">&nbsp;<\/span><\/p>\n<\/div>\n<\/figure>\n<\/div>\n<\/div>\n<\/div>\n<div class=\"row\">\n<div class=\"span12\">\n<div class=\"how-we-can-help-wrap\">\n<figure class=\"thumbnail alignnone clearfix\">\n<div class=\"row-fluid\">\n<div class=\"clear\"><\/div>\n<p style=\"margin: 11px\"><span style=\"font-size: 11pt; color:#000000\"><a href=\"https:\/\/www.routledge.com\/Sustainable-Luxury-and-Social-Entrepreneurship-Volume-Stories-from-Pioneers\/Gardetti-Giron\/p\/book\/9781783530632\" target=\"_blank\" rel=\"noopener\"><img decoding=\"async\" class=\"alignleft\" src=\"https:\/\/lujosustentable.org\/es\/wp-content\/uploads\/2024\/08\/libro002.jpg\"><\/a><b>SUSTAINABLE LUXURY and SOCIAL ENTREPRENEURSHIP: Stories form the Pioneers<\/b><\/span><\/p>\n<p style=\"margin: 11px\"><span style=\"font-size: 11pt; color:#000000\">Editado por <b>Miguel Angel Gardetti<\/b> y <b>Mar\u00eda Eugenia Gir\u00f3n<\/b>.<\/span><\/p>\n<p style=\"margin: 11px\"><span style=\"font-size: 11pt; color:#000000\">GSE-Greenleaf Publishing (UK).<\/span><\/p>\n<p style=\"margin: 11px\"><span style=\"font-size: 11pt; color:#000000\">Presentaci\u00f3n: Julio 2014.<\/span><\/p>\n<p style=\"margin: 11px\"><span style=\"font-size: 11pt; color:#000000\">El lujo sustentable es volver a la esencia del lujo con su significado ancestral, a la compra meditada, a la manufactura artesanal, a la belleza de los materiales en su sentido m\u00e1s amplio y al respeto por lo social y lo ambiental. Existen personas con una profunda mirada hacia los problemas ambientales y sociales ya que existe una relaci\u00f3n entre los valores personales y la sustentabilidad, el emprendedorismo y la innovaci\u00f3n. Y en la pr\u00e1ctica, esto se ha percibido en los procesos de la primera y segunda edici\u00f3n del Premio a la Mejor Performance en Lujo Sustentable en Latinoam\u00e9rica que permiti\u00f3 establecer a los organizadores profundas relaciones con emprendedores en el sector del lujo como, por ejemplo, Diana Verde Nieto (Positive Luxury, UK); Oliver Wayman and Cameron Saul (Bottle Top, UK), Kavita Palmar (The IOU Project), Carry Sommers (Pachacuti, UK) entre otros. Son l\u00edderes transformacionales, que inspiran, que estimulan intelectualmente y que poseen una relaci\u00f3n vital para el logro del cambio hacia la sustentabilidad.<br \/>\n\u00bfC\u00f3mo podemos aprovechar la inspiraci\u00f3n y energ\u00eda de los emprendedores en el mundo del lujo para crear una sociedad sustentable, inclusiva y justa? Este libro abre una fascinante ventana hacia la respuesta a la pregunta planteada a trav\u00e9s del relato, en primera persona, de las historias de las personas que forjaron emprendimientos innovadores.<\/span><\/p>\n<p style=\"margin: 11px\"><span style=\"font-size: 11pt; color:#000000\">Su estructura es:<br \/>\n<b>&#8211; Pr\u00f3logo<\/b>. Por Iscar Metsavaht (OSKLEN)<br \/>\n<b>&#8211; Introducci\u00f3n<\/b>. Por Mar\u00eda Eugenia Gir\u00f3n (Directora del Observatorio de Productos Premium y de Prestigio del IE Business School y Mastercard)<br \/>\n<b>-Lujo sustentable, innovaci\u00f3n y emprendedorismo<\/b>. Por Miguel Angel Gardetti (Centro de Estudios para el Lujo Sustentable)<br \/>\n<b>&#8211; Historias de \u00e9xito (9) que corresponden a cap\u00edtulos diferentes<\/b>.<\/span><\/p>\n<p style=\"margin-left: 30px; margin-top: 11px; margin-bottom: 11px\"><span style=\"font-size: 11pt; color:#000000\"><b>Positive Luxury<\/b>. Por Diana Verde Nieto (fundadora y CEO)<br \/>\n<b>IOU Project<\/b>. Por Kavita Palmar (fundadora y CEO)<br \/>\n<b>The Bottle Top<\/b>. Por Oliver Waiman y Cameron Saul (fundadores y Directores)<br \/>\n<b>Estancia Peuma Hue<\/b>. Por Evelyn Hotler (fundadora y CEO)<br \/>\n<b>Ainy<\/b>. Por Daniel Joutard (fundador y CEO)<br \/>\n<b>Pachacuti<\/b>. Por Carry Sommers (fundadora y CEO)<br \/>\n<b>The Big Blue Bike<\/b>. Por Shudhan Kholi (fundador y CEO)<br \/>\n<b>Elvis &#038; Kreese<\/b>. Por Kreese Wesling (fundadora y CEO)<br \/>\n<b>We are Knitters<\/b>. Por Mar\u00eda Jos\u00e9 Mar\u00f3n (fundadora y CEO)<\/span><\/p>\n<p style=\"margin: 11px\"><span style=\"font-size: 11pt; color:#000000\">&nbsp;<\/span><\/p>\n<\/div>\n<\/figure>\n<\/div>\n<\/div>\n<\/div>\n<div class=\"row\">\n<div class=\"span12\">\n<div class=\"how-we-can-help-wrap\">\n<figure class=\"thumbnail alignnone clearfix\">\n<div class=\"row-fluid\">\n<div class=\"clear\"><\/div>\n<p style=\"margin: 11px\"><span style=\"font-size: 11pt; color:#000000\"><a href=\"https:\/\/www.routledge.com\/Sustainable-Luxury-Managing-Social-and-Environmental-Performance-in-Iconic\/Gardetti-Torres\/p\/book\/9781783530618\" target=\"_blank\" rel=\"noopener\"><img decoding=\"async\" class=\"alignleft\" src=\"https:\/\/lujosustentable.org\/es\/wp-content\/uploads\/2024\/08\/libro003.jpg\"><\/a><b>Libro sobre LUJO SUSTENTABLE<\/b><\/span><\/p>\n<p style=\"margin: 11px\"><span style=\"font-size: 11pt; color:#000000\">Editado por <b>Miguel Angel Gardetti<\/b> (Centro de Estudios para el Lujo Sustentable) y <b>Ana Laura Torres<\/b> (Centro Textil Sustentable).<br \/>\nGSE-GreenLeaf Publishing (UK)<br \/>\nPresentaci\u00f3n: 2014 (segunda mitad)<br \/>\nB\u00e1sicamente, este libro recopilar\u00e1 los trabajos de los autores reconocidos en la materia como J. N. Kapferer; Frederic Godart; Angela Finn, entre otros.<br \/>\nConstar\u00e1 de tres partes:<br \/>\n<i>Lujo, Sustentabilidad, Moda y Cadena de Valor<\/i><br \/>\n<i>Lujo, Sustentabilidad y Consumo<\/i><br \/>\n<i>Lujo, Sustentabilidad y Turismo<\/i><br \/>\n<\/span><\/p>\n<p style=\"margin: 11px\"><span style=\"font-size: 11pt; color:#000000\">&nbsp;<\/span><\/p>\n<\/div>\n<\/figure>\n<\/div>\n<\/div>\n<\/div>\n","protected":false},"excerpt":{"rendered":"<p>SUSTAINABLE LUXURY AND JEWERLY Este libro -elaborado por Ivan Coste-Mani\u00e8re y Miguel Angel Gardetti- analiza las tendencias actuales del lujo y la joyer\u00eda y presenta c\u00f3mo hacerlas sostenibles para un futuro mejor. En la era de la sostenibilidad, vemos cada vez m\u00e1s c\u00f3mo los dise\u00f1adores y los consumidores empiezan a pensar m\u00e1s all\u00e1 del aspecto y el funcionamiento de un&nbsp;<a href=\"https:\/\/lujosustentable.org\/es\/libros\/\" class=\"read-more\">Seguir leyendo<\/a><\/p>\n","protected":false},"author":2,"featured_media":0,"parent":0,"menu_order":0,"comment_status":"closed","ping_status":"closed","template":"page-fullwidth.php","meta":{"footnotes":""},"class_list":["post-69","page","type-page","status-publish","hentry"],"_links":{"self":[{"href":"https:\/\/lujosustentable.org\/es\/wp-json\/wp\/v2\/pages\/69","targetHints":{"allow":["GET"]}}],"collection":[{"href":"https:\/\/lujosustentable.org\/es\/wp-json\/wp\/v2\/pages"}],"about":[{"href":"https:\/\/lujosustentable.org\/es\/wp-json\/wp\/v2\/types\/page"}],"author":[{"embeddable":true,"href":"https:\/\/lujosustentable.org\/es\/wp-json\/wp\/v2\/users\/2"}],"replies":[{"embeddable":true,"href":"https:\/\/lujosustentable.org\/es\/wp-json\/wp\/v2\/comments?post=69"}],"version-history":[{"count":25,"href":"https:\/\/lujosustentable.org\/es\/wp-json\/wp\/v2\/pages\/69\/revisions"}],"predecessor-version":[{"id":174,"href":"https:\/\/lujosustentable.org\/es\/wp-json\/wp\/v2\/pages\/69\/revisions\/174"}],"wp:attachment":[{"href":"https:\/\/lujosustentable.org\/es\/wp-json\/wp\/v2\/media?parent=69"}],"curies":[{"name":"wp","href":"https:\/\/api.w.org\/{rel}","templated":true}]}}