{"id":7,"date":"2024-08-14T18:19:52","date_gmt":"2024-08-14T18:19:52","guid":{"rendered":"https:\/\/lujosustentable.org\/es\/?page_id=7"},"modified":"2024-08-14T19:11:07","modified_gmt":"2024-08-14T19:11:07","slug":"home","status":"publish","type":"page","link":"https:\/\/lujosustentable.org\/es\/","title":{"rendered":"Home"},"content":{"rendered":"<div class=\"row\">\n<div class=\"span12\">\n<div class=\"how-we-can-help-wrap\">\n<h1><span style=\"font-size: 13pt; color:#000000\">Lujo y Sustentabilidad<\/span><\/h1>\n<figure class=\"thumbnail alignnone clearfix\">\n<div class=\"row-fluid\">\n<div class=\"clear\"><\/div>\n<p style=\"margin: 11px\"><span style=\"font-size: 11pt; color:#000000\">La mayor\u00eda de los consumidores de productos y servicios de lujo hace uso de ellos como s\u00edmbolo de \u00e9xito. Pero la definici\u00f3n de \u00e9xito (y la forma en que \u00e9ste es percibido por las personas) est\u00e1 cambiando. Muchos de estos consumidores exitosos desean y quieren actualmente que las marcas reflejen sus preocupaciones y aspiraciones por un mundo mejor. En el futuro, los productos o servicios de m\u00e1s alta calidad ser\u00e1n aquellos que generen los mayores beneficios a quienes est\u00e9n involucrados en su producci\u00f3n y comercio. El conocimiento, por parte de los consumidores, de tal beneficio ser\u00e1 esencial para su experiencia de elite y para el prestigio que les atribuyen sus pares. As\u00ed, las marcas de lujo sustentable representar\u00e1n la mayor contribuci\u00f3n positiva que pueda lograr cualquier producto o servicio para la humanidad y para el planeta; identificar\u00e1n al consumidor de lujo como aquel que tiene tanto los medios como la motivaci\u00f3n para asegurar que otros mejoren su calidad de vida. Este enfoque \u00abm\u00e1s profundo\u00bb y \u00abm\u00e1s aut\u00e9ntico\u00bb del lujo requerir\u00e1 un desempe\u00f1o social y ambiental de verdadera excelencia; los consumidores en general esperan esta excelencia y tambi\u00e9n esperan verla en todos los aspectos de una marca de lujo. Por estos motivos, el Instituto de Estudios para la Sustentabilidad Corporativa decidi\u00f3 crear el Centro de Estudios para el Lujo Sustentable.<\/span><\/p>\n<\/div>\n<\/figure>\n<\/div>\n<\/div>\n<\/div>\n","protected":false},"excerpt":{"rendered":"<p>Lujo y Sustentabilidad La mayor\u00eda de los consumidores de productos y servicios de lujo hace uso de ellos como s\u00edmbolo de \u00e9xito. Pero la definici\u00f3n de \u00e9xito (y la forma en que \u00e9ste es percibido por las personas) est\u00e1 cambiando. Muchos de estos consumidores exitosos desean y quieren actualmente que las marcas reflejen sus preocupaciones y aspiraciones por un mundo&nbsp;<a href=\"https:\/\/lujosustentable.org\/es\/\" class=\"read-more\">Seguir leyendo<\/a><\/p>\n","protected":false},"author":2,"featured_media":0,"parent":0,"menu_order":0,"comment_status":"closed","ping_status":"closed","template":"page-home.php","meta":{"footnotes":""},"class_list":["post-7","page","type-page","status-publish","hentry"],"_links":{"self":[{"href":"https:\/\/lujosustentable.org\/es\/wp-json\/wp\/v2\/pages\/7","targetHints":{"allow":["GET"]}}],"collection":[{"href":"https:\/\/lujosustentable.org\/es\/wp-json\/wp\/v2\/pages"}],"about":[{"href":"https:\/\/lujosustentable.org\/es\/wp-json\/wp\/v2\/types\/page"}],"author":[{"embeddable":true,"href":"https:\/\/lujosustentable.org\/es\/wp-json\/wp\/v2\/users\/2"}],"replies":[{"embeddable":true,"href":"https:\/\/lujosustentable.org\/es\/wp-json\/wp\/v2\/comments?post=7"}],"version-history":[{"count":3,"href":"https:\/\/lujosustentable.org\/es\/wp-json\/wp\/v2\/pages\/7\/revisions"}],"predecessor-version":[{"id":51,"href":"https:\/\/lujosustentable.org\/es\/wp-json\/wp\/v2\/pages\/7\/revisions\/51"}],"wp:attachment":[{"href":"https:\/\/lujosustentable.org\/es\/wp-json\/wp\/v2\/media?parent=7"}],"curies":[{"name":"wp","href":"https:\/\/api.w.org\/{rel}","templated":true}]}}