{"id":71,"date":"2024-08-14T20:00:10","date_gmt":"2024-08-14T20:00:10","guid":{"rendered":"https:\/\/lujosustentable.org\/es\/?page_id=71"},"modified":"2024-08-15T13:52:25","modified_gmt":"2024-08-15T13:52:25","slug":"pacto-global-y-prme","status":"publish","type":"page","link":"https:\/\/lujosustentable.org\/es\/pacto-global-y-prme\/","title":{"rendered":"Pacto Global y PRME"},"content":{"rendered":"<div class=\"row\">\n<div class=\"span12\">\n<div class=\"how-we-can-help-wrap\">\n<figure class=\"thumbnail alignnone clearfix\">\n<div class=\"row-fluid\">\n<div class=\"clear\"><\/div>\n<p style=\"margin: 11px;\"><span style=\"font-size: 11pt; color: #000000;\">El Centro de Estudios para el Lujo Sustentable -al depender del Instituto de Estudios para la Sustentabilidad Corporativa- estaba adherido al Pacto Mundial de Naciones Unidas que es una iniciativa dirigida al sector privado para el logro del Desarrollo Sustentable.<\/span><\/p>\n<p style=\"margin: 11px;\"><span style=\"font-size: 11pt; color: #000000;\">Tambi\u00e9n estaba adherido -por la misma raz\u00f3n- a los Principios de Educaci\u00f3n Responsable en Management que es una iniciativa del Pacto Global Naciones Unidas para que las casas de estudios focalicen su investigaci\u00f3n y ense\u00f1anza en la sustentabilidad con el fin de contribuir al logro de una sociedad m\u00e1s inclusiva.<\/span><\/p>\n<p style=\"margin: 11px;\"><span style=\"font-size: 11pt; color: #000000;\">Luego de una etapa de 20 a\u00f1os proponiendo y realizando iniciativas que llevaron a la Red local a un claro liderazgo en Latinoam\u00e9rica en la integraci\u00f3n de la sostenibilidad e los textiles y la moda, el Instituto de Estudios para la Sustentabilidad Corporativa junto al Centro de Estudios para el Lujo Sustentable han considerado dicha etapa un ciclo finalizado.<\/span><\/p>\n<p style=\"margin: 11px;\"><span style=\"font-size: 11pt; color: #000000;\">&nbsp;<\/span><\/p>\n<\/div>\n<\/figure>\n<\/div>\n<\/div>\n<\/div>\n","protected":false},"excerpt":{"rendered":"<p>El Centro de Estudios para el Lujo Sustentable -al depender del Instituto de Estudios para la Sustentabilidad Corporativa- estaba adherido al Pacto Mundial de Naciones Unidas que es una iniciativa dirigida al sector privado para el logro del Desarrollo Sustentable. Tambi\u00e9n estaba adherido -por la misma raz\u00f3n- a los Principios de Educaci\u00f3n Responsable en Management que es una iniciativa del&nbsp;<a href=\"https:\/\/lujosustentable.org\/es\/pacto-global-y-prme\/\" class=\"read-more\">Seguir leyendo<\/a><\/p>\n","protected":false},"author":2,"featured_media":0,"parent":0,"menu_order":0,"comment_status":"closed","ping_status":"closed","template":"page-fullwidth.php","meta":{"footnotes":""},"class_list":["post-71","page","type-page","status-publish","hentry"],"_links":{"self":[{"href":"https:\/\/lujosustentable.org\/es\/wp-json\/wp\/v2\/pages\/71","targetHints":{"allow":["GET"]}}],"collection":[{"href":"https:\/\/lujosustentable.org\/es\/wp-json\/wp\/v2\/pages"}],"about":[{"href":"https:\/\/lujosustentable.org\/es\/wp-json\/wp\/v2\/types\/page"}],"author":[{"embeddable":true,"href":"https:\/\/lujosustentable.org\/es\/wp-json\/wp\/v2\/users\/2"}],"replies":[{"embeddable":true,"href":"https:\/\/lujosustentable.org\/es\/wp-json\/wp\/v2\/comments?post=71"}],"version-history":[{"count":2,"href":"https:\/\/lujosustentable.org\/es\/wp-json\/wp\/v2\/pages\/71\/revisions"}],"predecessor-version":[{"id":176,"href":"https:\/\/lujosustentable.org\/es\/wp-json\/wp\/v2\/pages\/71\/revisions\/176"}],"wp:attachment":[{"href":"https:\/\/lujosustentable.org\/es\/wp-json\/wp\/v2\/media?parent=71"}],"curies":[{"name":"wp","href":"https:\/\/api.w.org\/{rel}","templated":true}]}}